{"id":447,"date":"2019-12-18T13:45:38","date_gmt":"2019-12-18T12:45:38","guid":{"rendered":"https:\/\/leventa.adaptonline.se\/om-oss\/"},"modified":"2020-04-29T16:39:08","modified_gmt":"2020-04-29T14:39:08","slug":"about-us","status":"publish","type":"page","link":"https:\/\/leventa.se\/en\/about-us\/","title":{"rendered":"About us"},"content":{"rendered":"<div class=\"wpb-content-wrapper\"><p>[vc_row full_width=&#8221;stretch_row&#8221; css=&#8221;.vc_custom_1578487240529{margin-top: -40px !important;padding-top: 20px !important;padding-bottom: 20px !important;background-color: #e8ede1 !important;}&#8221; mobile_bg_img_hidden=&#8221;no&#8221; tablet_bg_img_hidden=&#8221;no&#8221; woodmart_parallax=&#8221;0&#8243; woodmart_gradient_switch=&#8221;no&#8221; row_reverse_mobile=&#8221;0&#8243; row_reverse_tablet=&#8221;0&#8243; woodmart_disable_overflow=&#8221;0&#8243;][vc_column width=&#8221;1\/4&#8243; mobile_bg_img_hidden=&#8221;no&#8221; tablet_bg_img_hidden=&#8221;no&#8221; woodmart_parallax=&#8221;0&#8243; woodmart_sticky_column=&#8221;false&#8221; parallax_scroll=&#8221;no&#8221; mobile_reset_margin=&#8221;no&#8221; tablet_reset_margin=&#8221;no&#8221;][\/vc_column][vc_column width=&#8221;1\/2&#8243; woodmart_text_align=&#8221;center&#8221; mobile_bg_img_hidden=&#8221;no&#8221; tablet_bg_img_hidden=&#8221;no&#8221; woodmart_parallax=&#8221;0&#8243; woodmart_sticky_column=&#8221;false&#8221; parallax_scroll=&#8221;no&#8221; mobile_reset_margin=&#8221;no&#8221; tablet_reset_margin=&#8221;no&#8221; css=&#8221;.vc_custom_1578489903495{padding-top: 20px !important;padding-bottom: 20px !important;}&#8221;][\/vc_column][vc_column width=&#8221;1\/4&#8243;][\/vc_column][\/vc_row][vc_row full_width=&#8221;stretch_row&#8221; equal_height=&#8221;yes&#8221; css=&#8221;.vc_custom_1578490693072{padding-top: 20px !important;padding-bottom: 20px !important;}&#8221; mobile_bg_img_hidden=&#8221;no&#8221; tablet_bg_img_hidden=&#8221;no&#8221; woodmart_parallax=&#8221;0&#8243; woodmart_gradient_switch=&#8221;no&#8221; row_reverse_mobile=&#8221;0&#8243; row_reverse_tablet=&#8221;0&#8243; woodmart_disable_overflow=&#8221;0&#8243;][vc_column width=&#8221;2\/3&#8243; woodmart_text_align=&#8221;left&#8221; mobile_bg_img_hidden=&#8221;no&#8221; tablet_bg_img_hidden=&#8221;no&#8221; woodmart_parallax=&#8221;0&#8243; woodmart_sticky_column=&#8221;false&#8221; parallax_scroll=&#8221;no&#8221; mobile_reset_margin=&#8221;no&#8221; tablet_reset_margin=&#8221;no&#8221;][vc_row_inner][vc_column_inner][vc_column_text text_larger=&#8221;no&#8221;]Leventa projektleder endast 10-15 konferenser och event per \u00e5r varav n\u00e5gra \u00e4r stora konferenser. \u00c4r ni en mindre grupp som \u00f6nskar en konferens med extra guldkant s\u00e5 \u00e4r ni ocks\u00e5 v\u00e4lkomna att anlita oss.<br \/>\nAtt vi enbart jobbar i Portugal \u00e4r kanske inte helt unikt men landet Portugal erbjuder m\u00e5nga unika m\u00f6jligheter och det tar vi vara p\u00e5. Vi v\u00e5gar ocks\u00e5 p\u00e5st\u00e5 att vi vet mer om Portugal som konferensarrang\u00f6r \u00e4n m\u00e5nga andra, eftersom vi helhj\u00e4rtat lever och verkar h\u00e4r.<br \/>\n[\/vc_column_text][\/vc_column_inner][\/vc_row_inner]<div id=\"wd-5ea6e5f2de2d3\" class=\" wd-rs-5ea6e5f2de2d3  wd-button-wrapper text-center inline-element\"><a href=\"\/en\/about-us\/the-way-we-work\/\" title=\"\" class=\"btn btn-color-primary btn-style-default btn-shape-round btn-size-large\">The way we work<\/a><\/div><div id=\"wd-5e4514f403b1d\" class=\" wd-rs-5e4514f403b1d  wd-button-wrapper text-center inline-element\"><a href=\"\/en\/about-us\/eq\/\" title=\"\" class=\"btn btn-color-primary btn-style-default btn-shape-round btn-size-large\">Emotional quotient (EQ)<\/a><\/div><div id=\"wd-5e45150748245\" class=\" wd-rs-5e45150748245  wd-button-wrapper text-center inline-element\"><a href=\"\/en\/about-us\/back-to-basics\/\" title=\"\" class=\"btn btn-color-primary btn-style-default btn-shape-round btn-size-large\">Back to basics<\/a><\/div>[vc_empty_space height=&#8221;25px&#8221; woodmart_hide_large=&#8221;0&#8243; woodmart_hide_medium=&#8221;0&#8243; woodmart_hide_small=&#8221;0&#8243; woodmart_hide_extra_small=&#8221;0&#8243;][vc_single_image image=&#8221;818&#8243; img_size=&#8221;full&#8221; parallax_scroll=&#8221;no&#8221;][\/vc_column][vc_column width=&#8221;1\/3&#8243; woodmart_text_align=&#8221;left&#8221; mobile_bg_img_hidden=&#8221;no&#8221; tablet_bg_img_hidden=&#8221;no&#8221; woodmart_parallax=&#8221;0&#8243; woodmart_sticky_column=&#8221;false&#8221; parallax_scroll=&#8221;no&#8221; mobile_reset_margin=&#8221;no&#8221; tablet_reset_margin=&#8221;no&#8221; css=&#8221;.vc_custom_1578491562809{border-left-width: 1px !important;padding-top: 40px !important;padding-right: 40px !important;padding-bottom: 40px !important;padding-left: 40px !important;border-left-color: #e6e6e6 !important;border-left-style: solid !important;}&#8221;][vc_raw_html]JTVCaHRtbF9ibG9jayUyMGlkJTNEJTIyNjk3JTIyJTVE[\/vc_raw_html][\/vc_column][\/vc_row]<\/p>\n<\/div>","protected":false},"excerpt":{"rendered":"<p>[vc_row full_width=&#8221;stretch_row&#8221; css=&#8221;.vc_custom_1578487240529{margin-top: -40px !important;padding-top: 20px !important;padding-bottom: 20px !important;background-color: #e8ede1 !important;}&#8221; mobile_bg_img_hidden=&#8221;no&#8221; tablet_bg_img_hidden=&#8221;no&#8221; woodmart_parallax=&#8221;0&#8243; woodmart_gradient_switch=&#8221;no&#8221; row_reverse_mobile=&#8221;0&#8243; row_reverse_tablet=&#8221;0&#8243; woodmart_disable_overflow=&#8221;0&#8243;][vc_column width=&#8221;1\/4&#8243; mobile_bg_img_hidden=&#8221;no&#8221;<\/p>\n","protected":false},"author":1,"featured_media":0,"parent":0,"menu_order":2,"comment_status":"closed","ping_status":"closed","template":"","meta":{"footnotes":""},"class_list":["post-447","page","type-page","status-publish","hentry"],"yoast_head":"<!-- This site is optimized with the Yoast SEO plugin v26.8 - https:\/\/yoast.com\/product\/yoast-seo-wordpress\/ -->\n<title>Conference organizer - Leventa<\/title>\n<meta name=\"description\" content=\"Leventa is a conference organizer with focus on large conferences abroad. Book your Portugal conference with Leventa!\" \/>\n<meta name=\"robots\" content=\"index, follow, max-snippet:-1, max-image-preview:large, max-video-preview:-1\" \/>\n<link rel=\"canonical\" href=\"https:\/\/leventa.se\/en\/about-us\/\" \/>\n<meta property=\"og:locale\" content=\"en_US\" \/>\n<meta property=\"og:type\" content=\"article\" \/>\n<meta property=\"og:title\" content=\"Conference organizer - Leventa\" \/>\n<meta property=\"og:description\" content=\"Leventa is a conference organizer with focus on large conferences abroad. Book your Portugal conference with Leventa!\" \/>\n<meta property=\"og:url\" content=\"https:\/\/leventa.se\/en\/about-us\/\" \/>\n<meta property=\"og:site_name\" content=\"Leventa\" \/>\n<meta property=\"article:modified_time\" content=\"2020-04-29T14:39:08+00:00\" \/>\n<meta name=\"twitter:card\" content=\"summary_large_image\" \/>\n<meta name=\"twitter:label1\" content=\"Est. reading time\" \/>\n\t<meta name=\"twitter:data1\" content=\"3 minutes\" \/>\n<script type=\"application\/ld+json\" class=\"yoast-schema-graph\">{\"@context\":\"https:\/\/schema.org\",\"@graph\":[{\"@type\":\"WebPage\",\"@id\":\"https:\/\/leventa.se\/en\/about-us\/\",\"url\":\"https:\/\/leventa.se\/en\/about-us\/\",\"name\":\"Conference organizer - Leventa\",\"isPartOf\":{\"@id\":\"https:\/\/leventa.se\/#website\"},\"datePublished\":\"2019-12-18T12:45:38+00:00\",\"dateModified\":\"2020-04-29T14:39:08+00:00\",\"description\":\"Leventa is a conference organizer with focus on large conferences abroad. Book your Portugal conference with Leventa!\",\"breadcrumb\":{\"@id\":\"https:\/\/leventa.se\/en\/about-us\/#breadcrumb\"},\"inLanguage\":\"en-US\",\"potentialAction\":[{\"@type\":\"ReadAction\",\"target\":[\"https:\/\/leventa.se\/en\/about-us\/\"]}]},{\"@type\":\"BreadcrumbList\",\"@id\":\"https:\/\/leventa.se\/en\/about-us\/#breadcrumb\",\"itemListElement\":[{\"@type\":\"ListItem\",\"position\":1,\"name\":\"Hem\",\"item\":\"https:\/\/leventa.se\/en\/\"},{\"@type\":\"ListItem\",\"position\":2,\"name\":\"About us\"}]},{\"@type\":\"WebSite\",\"@id\":\"https:\/\/leventa.se\/#website\",\"url\":\"https:\/\/leventa.se\/\",\"name\":\"Leventa\",\"description\":\"Values &amp; Culture\",\"potentialAction\":[{\"@type\":\"SearchAction\",\"target\":{\"@type\":\"EntryPoint\",\"urlTemplate\":\"https:\/\/leventa.se\/?s={search_term_string}\"},\"query-input\":{\"@type\":\"PropertyValueSpecification\",\"valueRequired\":true,\"valueName\":\"search_term_string\"}}],\"inLanguage\":\"en-US\"}]}<\/script>\n<!-- \/ Yoast SEO plugin. -->","yoast_head_json":{"title":"Conference organizer - Leventa","description":"Leventa is a conference organizer with focus on large conferences abroad. Book your Portugal conference with Leventa!","robots":{"index":"index","follow":"follow","max-snippet":"max-snippet:-1","max-image-preview":"max-image-preview:large","max-video-preview":"max-video-preview:-1"},"canonical":"https:\/\/leventa.se\/en\/about-us\/","og_locale":"en_US","og_type":"article","og_title":"Conference organizer - Leventa","og_description":"Leventa is a conference organizer with focus on large conferences abroad. Book your Portugal conference with Leventa!","og_url":"https:\/\/leventa.se\/en\/about-us\/","og_site_name":"Leventa","article_modified_time":"2020-04-29T14:39:08+00:00","twitter_card":"summary_large_image","twitter_misc":{"Est. reading time":"3 minutes"},"schema":{"@context":"https:\/\/schema.org","@graph":[{"@type":"WebPage","@id":"https:\/\/leventa.se\/en\/about-us\/","url":"https:\/\/leventa.se\/en\/about-us\/","name":"Conference organizer - Leventa","isPartOf":{"@id":"https:\/\/leventa.se\/#website"},"datePublished":"2019-12-18T12:45:38+00:00","dateModified":"2020-04-29T14:39:08+00:00","description":"Leventa is a conference organizer with focus on large conferences abroad. Book your Portugal conference with Leventa!","breadcrumb":{"@id":"https:\/\/leventa.se\/en\/about-us\/#breadcrumb"},"inLanguage":"en-US","potentialAction":[{"@type":"ReadAction","target":["https:\/\/leventa.se\/en\/about-us\/"]}]},{"@type":"BreadcrumbList","@id":"https:\/\/leventa.se\/en\/about-us\/#breadcrumb","itemListElement":[{"@type":"ListItem","position":1,"name":"Hem","item":"https:\/\/leventa.se\/en\/"},{"@type":"ListItem","position":2,"name":"About us"}]},{"@type":"WebSite","@id":"https:\/\/leventa.se\/#website","url":"https:\/\/leventa.se\/","name":"Leventa","description":"Values &amp; Culture","potentialAction":[{"@type":"SearchAction","target":{"@type":"EntryPoint","urlTemplate":"https:\/\/leventa.se\/?s={search_term_string}"},"query-input":{"@type":"PropertyValueSpecification","valueRequired":true,"valueName":"search_term_string"}}],"inLanguage":"en-US"}]}},"_links":{"self":[{"href":"https:\/\/leventa.se\/en\/wp-json\/wp\/v2\/pages\/447","targetHints":{"allow":["GET"]}}],"collection":[{"href":"https:\/\/leventa.se\/en\/wp-json\/wp\/v2\/pages"}],"about":[{"href":"https:\/\/leventa.se\/en\/wp-json\/wp\/v2\/types\/page"}],"author":[{"embeddable":true,"href":"https:\/\/leventa.se\/en\/wp-json\/wp\/v2\/users\/1"}],"replies":[{"embeddable":true,"href":"https:\/\/leventa.se\/en\/wp-json\/wp\/v2\/comments?post=447"}],"version-history":[{"count":8,"href":"https:\/\/leventa.se\/en\/wp-json\/wp\/v2\/pages\/447\/revisions"}],"predecessor-version":[{"id":820,"href":"https:\/\/leventa.se\/en\/wp-json\/wp\/v2\/pages\/447\/revisions\/820"}],"wp:attachment":[{"href":"https:\/\/leventa.se\/en\/wp-json\/wp\/v2\/media?parent=447"}],"curies":[{"name":"wp","href":"https:\/\/api.w.org\/{rel}","templated":true}]}}